{"id":36032,"date":"2024-01-10T18:13:12","date_gmt":"2024-01-10T18:13:12","guid":{"rendered":"https:\/\/neurop.pixel-united.com\/les-neurotechnologies-pour-reduire-vos-couts-d-absenteisme\/"},"modified":"2025-05-07T15:16:14","modified_gmt":"2025-05-07T15:16:14","slug":"neurotechnologies-to-reduce-your-absenteeism-costs","status":"publish","type":"page","link":"https:\/\/neurop.pixel-united.com\/en\/neurotechnologies-to-reduce-your-absenteeism-costs\/","title":{"rendered":"Neurotechnologies to Reduce Your Absenteeism Costs"},"content":{"rendered":"<div class=\"wpb-content-wrapper\"><p>[vc_row full_width=&#8221;stretch_row_content&#8221; equal_height=&#8221;yes&#8221; content_placement=&#8221;middle&#8221; css=&#8221;.vc_custom_1585337440783{margin-top: 0px !important;margin-bottom: 0px !important;padding-top: 0px !important;padding-bottom: 0px !important;background-color: #eff3f2 !important;}&#8221;][vc_column css=&#8221;.vc_custom_1585337505225{margin-top: 0px !important;margin-bottom: 0px !important;padding-top: 5px !important;padding-bottom: 0px !important;}&#8221;][vc_custom_heading text=&#8221;Neurotechnologies to Reduce Your Absenteeism Costs&#8221; font_container=&#8221;tag:h2|text_align:center&#8221; use_theme_fonts=&#8221;yes&#8221; css=&#8221;.vc_custom_1730850902648{margin-top: 0px !important;margin-bottom: 0px !important;padding-top: 0px !important;padding-bottom: 0px !important;}&#8221; el_class=&#8221;notexttransform&#8221;]<style type=\"text\/css\">.thegem-button-69d2a4b82a2f95901 .gem-button svg {fill: #ffffff;}.thegem-button-69d2a4b82a2f95901 .gem-button:hover svg {fill: #f49237;}<\/style><div class=\"gem-button-container gem-button-position-center thegem-button-69d2a4b82a2f95901    \"  ><a title=\"Pour plus d&#039;information\" class=\"gem-button gem-button-size-tiny gem-button-style-outline gem-button-text-weight-thin gem-button-border-1  gem-button-tablet-size-tiny gem-button-mobile-size-tiny\" data-ll-effect=\"drop-right-without-wrap\" style=\"border-radius: 5px;border-color: #f49237;background: linear-gradient(to bottom, #f49237, #f49237);color: #ffffff;\" onmouseleave=\"this.style.borderColor='#f49237';this.style.backgroundColor='transparent';this.style.color='#ffffff';this.style.background='linear-gradient(to bottom , #f49237 , #f49237)';\" onmouseenter=\"this.style.borderColor='#f49237';this.style.backgroundColor='#ffffff';this.style.color='#f49237';this.style.background='linear-gradient(to bottom , #ffffff , #ffffff)';\" href=\"mailto:corporatif@neuroperforma.com\" target=\"_self\">For more information<\/a><\/div> [\/vc_column][\/vc_row][vc_row][vc_column][vc_custom_heading text=&#8221;Corporate Health Program&#8221; font_container=&#8221;tag:h3|text_align:center|color:%23045394&#8243; use_theme_fonts=&#8221;yes&#8221; css=&#8221;.vc_custom_1730850919635{margin-top: 0px !important;margin-bottom: 0px !important;padding-top: 0px !important;padding-bottom: 0px !important;}&#8221; el_class=&#8221;notexttransform&#8221;][vc_empty_space height=&#8221;15px&#8221;][vc_column_text css=&#8221;&#8221;]<\/p>\n<div class=\"title-h5\" style=\"text-transform: none; color: #045394; text-align: center;\">The Neuroperforma Corporate Health Program is an innovative approach that brings neurotechnologies to your company to help reduce your salary insurance costs.<\/div>\n<p>[\/vc_column_text][vc_empty_space height=&#8221;15px&#8221;][\/vc_column][\/vc_row][vc_row][vc_column width=&#8221;1\/2&#8243;][vc_row_inner][vc_column_inner css=&#8221;.vc_custom_1715210396542{margin-top: 0px !important;margin-bottom: 0px !important;padding-top: 0px !important;padding-bottom: 0px !important;background-color: #045394 !important;border-radius: 30px !important;}&#8221;][vc_custom_heading text=&#8221;Benefits of Joining the Program&#8221; font_container=&#8221;tag:h3|text_align:center|color:%23ffffff&#8221; use_theme_fonts=&#8221;yes&#8221; css=&#8221;.vc_custom_1730850939933{margin-top: 0px !important;margin-bottom: 0px !important;padding-top: 0px !important;padding-bottom: 0px !important;}&#8221; el_class=&#8221;notexttransform&#8221;][\/vc_column_inner][\/vc_row_inner]<div class=\"clearboth\"><\/div><style>#thegem-divider-69d2a4b82a37a {margin-top: 30px !important;}<\/style><div id=\"thegem-divider-69d2a4b82a37a\" class=\"gem-divider  \" style=\"\" ><\/div><div class=\"gem-list gem-list-type-checkbox gem-list-color-2\" ><ul>\n<li style=\"color: #045394;\">Reduce your disability management costs<\/li>\n<li style=\"color: #045394;\">Avoid or shorten sick leaves<\/li>\n<li style=\"color: #045394;\">Reduce losses due to absenteeism<\/li>\n<li style=\"color: #045394;\">Improve employee retention<\/li>\n<li style=\"color: #045394;\">Create a stable work environment<\/li>\n<\/ul>\n<\/div>[\/vc_column][vc_column width=&#8221;1\/2&#8243;][vc_single_image image=&#8221;34395&#8243; img_size=&#8221;full&#8221;][\/vc_column][\/vc_row][vc_row][vc_column]<div class=\"clearboth\"><\/div><style>#thegem-divider-69d2a4b82a440 {margin-top: 30px !important;}<\/style><div id=\"thegem-divider-69d2a4b82a440\" class=\"gem-divider  \" style=\"\" ><\/div>[\/vc_column][\/vc_row][vc_row gap=&#8221;35&#8243; equal_height=&#8221;yes&#8221; content_placement=&#8221;middle&#8221;][vc_column width=&#8221;1\/3&#8243; thegem_content_alignment=&#8221;center&#8221; el_class=&#8221;blue-circle&#8221;][vc_custom_heading text=&#8221;In Quebec, mental health costs between 15 and 20% of the payroll of organizations.&#8221; font_container=&#8221;tag:h5|text_align:center|color:%23045394&#8243; use_theme_fonts=&#8221;yes&#8221; css=&#8221;.vc_custom_1730850974864{margin-top: 0px !important;margin-bottom: 0px !important;padding-top: 0px !important;padding-bottom: 0px !important;}&#8221; el_class=&#8221;notexttransform&#8221;][\/vc_column][vc_column width=&#8221;1\/3&#8243; el_class=&#8221;blue-circle&#8221;][vc_custom_heading text=&#8221;Mental health is the leading cause of disability.&#8221; font_container=&#8221;tag:h5|text_align:center|color:%23045394&#8243; use_theme_fonts=&#8221;yes&#8221; css=&#8221;.vc_custom_1730850981251{margin-top: 0px !important;margin-bottom: 0px !important;padding-top: 0px !important;padding-bottom: 0px !important;}&#8221; el_class=&#8221;notexttransform&#8221;][\/vc_column][vc_column width=&#8221;1\/3&#8243; el_class=&#8221;dark-blue-circle&#8221;][vc_custom_heading text=&#8221;Position yourself as an employer of choice.&#8221; font_container=&#8221;tag:h5|text_align:center|color:%23ffffff&#8221; use_theme_fonts=&#8221;yes&#8221; css=&#8221;.vc_custom_1730850986446{margin-top: 0px !important;margin-bottom: 0px !important;padding-top: 0px !important;padding-bottom: 0px !important;}&#8221; el_class=&#8221;notexttransform&#8221;][\/vc_column][\/vc_row][vc_row css=&#8221;.vc_custom_1714765276740{background-color: #045394 !important;border-radius: 30px !important;}&#8221;][vc_column][vc_row_inner equal_height=&#8221;yes&#8221; content_placement=&#8221;middle&#8221;][vc_column_inner width=&#8221;2\/3&#8243;][vc_custom_heading text=&#8221;Neuroscience is Revolutionizing the World of Mental Health&#8221; font_container=&#8221;tag:h2|text_align:center|color:%23ffffff&#8221; use_theme_fonts=&#8221;yes&#8221; css=&#8221;.vc_custom_1731000038117{margin-top: 0px !important;margin-bottom: 0px !important;padding-top: 0px !important;padding-bottom: 0px !important;}&#8221; el_class=&#8221;notexttransform&#8221;][vc_empty_space height=&#8221;5px&#8221;][vc_column_text css=&#8221;&#8221; el_class=&#8221;ptext&#8221;]<\/p>\n<p style=\"text-align: center;\"><span style=\"color: #ffffff;\">Neuroperforma uses sophisticated neurotechnologies to measure and train the brain in a very specific and personalized way. Its effectiveness far exceeds traditional approaches, making it the solution of choice.<\/span><\/p>\n<p style=\"text-align: center;\"><span style=\"color: #ffffff;\"><br \/>\nNeurofeedback is supported by hundreds of scientific articles and several doctors and international professional organizations. <\/span><\/p>\n<p>[\/vc_column_text][\/vc_column_inner][vc_column_inner width=&#8221;1\/3&#8243;][vc_single_image image=&#8221;34448&#8243; img_size=&#8221;250&#215;250&#8243; alignment=&#8221;center&#8221; css=&#8221;&#8221;][\/vc_column_inner][\/vc_row_inner][\/vc_column][\/vc_row][vc_row disable_element=&#8221;yes&#8221;][vc_column][vc_custom_heading text=&#8221;La neuroscience r\u00e9volutionne le monde de la sant\u00e9 mentale&#8221; font_container=&#8221;tag:h3|text_align:center|color:%23045394&#8243; use_theme_fonts=&#8221;yes&#8221; css=&#8221;.vc_custom_1715111428100{margin-top: 0px !important;margin-bottom: 0px !important;padding-top: 0px !important;padding-bottom: 0px !important;}&#8221; el_class=&#8221;notexttransform&#8221;][vc_empty_space height=&#8221;5px&#8221;][vc_column_text css=&#8221;&#8221; el_class=&#8221;ptext&#8221;]<\/p>\n<p style=\"text-align: center;\"><span style=\"color: #045394;\">Neuroperforma utilise des neurotechnologies sophistiqu\u00e9es pour mesurer et entra\u00eener le cerveau de mani\u00e8re tr\u00e8s sp\u00e9cifique et personnalis\u00e9e. Son efficacit\u00e9 d\u00e9passe de loin les approches traditionnelles, ce qui en fait une solution de choix. <\/span><\/p>\n<p style=\"text-align: center;\"><span style=\"color: #045394;\"><br \/>\nLe neurofeedback est appuy\u00e9 par des centaines d\u2019articles scientifiques et plusieurs m\u00e9decins et soci\u00e9t\u00e9s professionnelles internationales. <\/span><\/p>\n<p>[\/vc_column_text][\/vc_column][\/vc_row][vc_row gap=&#8221;20&#8243; css=&#8221;.vc_custom_1704915590448{margin-bottom: 0px !important;}&#8221;][vc_column width=&#8221;1\/3&#8243; thegem_content_alignment=&#8221;center&#8221;][vc_row_inner css=&#8221;.vc_custom_1704916234053{margin-bottom: 0px !important;}&#8221;][vc_column_inner css=&#8221;.vc_custom_1704915399980{margin-top: 0px !important;margin-bottom: 0px !important;padding-top: 0px !important;padding-bottom: 0px !important;background-color: #045394 !important;border-radius: 30px !important;}&#8221;][vc_empty_space height=&#8221;5px&#8221;][vc_custom_heading text=&#8221;Traditional Approach&#8221; font_container=&#8221;tag:h3|text_align:center|color:%23ffffff&#8221; use_theme_fonts=&#8221;yes&#8221; css=&#8221;.vc_custom_1730851036193{margin-top: 0px !important;margin-bottom: 0px !important;padding-top: 0px !important;padding-bottom: 0px !important;}&#8221; el_class=&#8221;notexttransform&#8221;][vc_column_text css=&#8221;&#8221; el_class=&#8221;ptext&#8221;]<\/p>\n<p style=\"text-align: center;\"><span style=\"color: #ffffff;\">Medication and psychological support (6 to 12 months)<\/span><\/p>\n<p>[\/vc_column_text][vc_empty_space height=&#8221;5px&#8221;][\/vc_column_inner][\/vc_row_inner][vc_empty_space height=&#8221;25px&#8221;][vc_column_text css=&#8221;&#8221;]<\/p>\n<ul>\n<li style=\"color: red; font-size: 120%; text-align: left;\">30-40% effectiveness rate*<\/li>\n<li style=\"color: red; font-size: 120%; text-align: left;\">72% relapse rate after 14 weeks*<\/li>\n<li style=\"color: #045394; font-size: 120%; text-align: left;\">Increased risk of cardiovascular diseases<\/li>\n<li style=\"color: #045394; font-size: 120%; text-align: left;\">Decreased sleep quality and energy levels<\/li>\n<li style=\"color: #045394; font-size: 120%; text-align: left;\">Risk of weight gain, drowsiness, and other side effects<\/li>\n<\/ul>\n<p><span style=\"color: red;\">\u00a0<\/span>[\/vc_column_text][\/vc_column][vc_column width=&#8221;1\/3&#8243; thegem_content_alignment=&#8221;center&#8221;][vc_row_inner css=&#8221;.vc_custom_1704916234053{margin-bottom: 0px !important;}&#8221;][vc_column_inner css=&#8221;.vc_custom_1704915399980{margin-top: 0px !important;margin-bottom: 0px !important;padding-top: 0px !important;padding-bottom: 0px !important;background-color: #045394 !important;border-radius: 30px !important;}&#8221;][vc_empty_space height=&#8221;5px&#8221;][vc_custom_heading text=&#8221;Neurotechnologies&#8221; font_container=&#8221;tag:h3|text_align:center|color:%23ffffff&#8221; use_theme_fonts=&#8221;yes&#8221; css=&#8221;.vc_custom_1730851095680{margin-top: 0px !important;margin-bottom: 0px !important;padding-top: 0px !important;padding-bottom: 0px !important;}&#8221; el_class=&#8221;notexttransform&#8221;][vc_column_text css=&#8221;&#8221; el_class=&#8221;ptext&#8221;]<\/p>\n<p style=\"text-align: center;\"><span style=\"color: #ffffff;\">10-week Corporate Health Program with Neurofeedback<\/span><\/p>\n<p>[\/vc_column_text][vc_empty_space height=&#8221;5px&#8221;][\/vc_column_inner][\/vc_row_inner][vc_empty_space height=&#8221;25px&#8221;][vc_column_text css=&#8221;&#8221;]<\/p>\n<ul>\n<li style=\"color: red; font-size: 120%; text-align: left;\">96% return to work rate (within 10 weeks)*<\/li>\n<li style=\"color: red; font-size: 120%; text-align: left;\">Less than 5% relapse rate after 3 years*<\/li>\n<li style=\"color: #045394; font-size: 120%; text-align: left;\">Mental well-being that lasts over time<\/li>\n<li style=\"color: #045394; font-size: 120%; text-align: left;\">Improved sleep quality<\/li>\n<li style=\"color: #045394; font-size: 120%; text-align: left;\">No side effects<\/li>\n<\/ul>\n<p><span style=\"color: red;\">\u00a0<\/span>[\/vc_column_text][\/vc_column][vc_column width=&#8221;1\/3&#8243;][vc_row_inner][vc_column_inner css=&#8221;.vc_custom_1714588025632{margin-top: 0px !important;margin-bottom: 0px !important;border-top-width: 1px !important;border-right-width: 1px !important;border-bottom-width: 1px !important;border-left-width: 1px !important;padding-top: 0px !important;padding-bottom: 0px !important;border-left-color: #045394 !important;border-left-style: solid !important;border-right-color: #045394 !important;border-right-style: solid !important;border-top-color: #045394 !important;border-top-style: solid !important;border-bottom-color: #045394 !important;border-bottom-style: solid !important;border-radius: 30px !important;}&#8221;][vc_empty_space height=&#8221;15px&#8221;][vc_custom_heading text=&#8221;For more information on our corporate health services&#8221; font_container=&#8221;tag:h3|text_align:center|color:%23045394&#8243; use_theme_fonts=&#8221;yes&#8221; css=&#8221;.vc_custom_1730851154543{margin-top: 0px !important;margin-bottom: 0px !important;padding-top: 0px !important;padding-bottom: 0px !important;}&#8221; el_class=&#8221;notexttransform&#8221;][vc_empty_space height=&#8221;5px&#8221;][vc_single_image image=&#8221;34703&#8243; img_size=&#8221;100&#215;100&#8243; alignment=&#8221;center&#8221; css=&#8221;&#8221;]<style type=\"text\/css\">.thegem-button-69d2a4b82a4cd7028 .gem-button {margin-top: 0px;margin-bottom: 10px;}.thegem-button-69d2a4b82a4cd7028 .gem-button svg {fill: #ffffff;}.thegem-button-69d2a4b82a4cd7028 .gem-button:hover svg {fill: #f49237;}<\/style><div class=\"gem-button-container gem-button-position-center thegem-button-69d2a4b82a4cd7028    \"  ><a title=\"Pour plus d&#039;information\" class=\"gem-button gem-button-size-small gem-button-style-outline gem-button-text-weight-thin gem-button-border-1  gem-button-tablet-size-tiny gem-button-mobile-size-tiny\" data-ll-effect=\"drop-right-without-wrap\" style=\"border-radius: 5px;border-color: #f49237;background: linear-gradient(to bottom, #f49237, #f49237);color: #ffffff;\" onmouseleave=\"this.style.borderColor='#f49237';this.style.backgroundColor='transparent';this.style.color='#ffffff';this.style.background='linear-gradient(to bottom , #f49237 , #f49237)';\" onmouseenter=\"this.style.borderColor='#f49237';this.style.backgroundColor='#ffffff';this.style.color='#f49237';this.style.background='linear-gradient(to bottom , #ffffff , #ffffff)';\" href=\"mailto:corporatif@neuroperforma.com\" target=\"_self\">For more information<\/a><\/div> [\/vc_column_inner][\/vc_row_inner][\/vc_column][\/vc_row]<\/p>\n<\/div>","protected":false},"excerpt":{"rendered":"<p>[vc_row full_width=&#8221;stretch_row_content&#8221; equal_height=&#8221;yes&#8221; content_placement=&#8221;middle&#8221; css=&#8221;.vc_custom_1585337440783{margin-top: 0px !important;margin-bottom: 0px !important;padding-top: 0px !important;padding-bottom: 0px !important;background-color: #eff3f2 !important;}&#8221;][vc_column css=&#8221;.vc_custom_1585337505225{margin-top: 0px !important;margin-bottom: 0px !important;padding-top:&#8230;<\/p>\n","protected":false},"author":2,"featured_media":0,"parent":0,"menu_order":0,"comment_status":"closed","ping_status":"closed","template":"","meta":{"om_disable_all_campaigns":false,"_exactmetrics_skip_tracking":false,"_exactmetrics_sitenote_active":false,"_exactmetrics_sitenote_note":"","_exactmetrics_sitenote_category":0,"_monsterinsights_skip_tracking":false,"_monsterinsights_sitenote_active":false,"_monsterinsights_sitenote_note":"","_monsterinsights_sitenote_category":0,"footnotes":""},"class_list":["post-36032","page","type-page","status-publish"],"aioseo_notices":[],"yoast_head":"<!-- This site is optimized with the Yoast SEO Premium plugin v20.5 (Yoast SEO v26.2) - https:\/\/yoast.com\/wordpress\/plugins\/seo\/ -->\n<title>Neurotechnologies to Reduce Your Absenteeism Costs - Neuroperforma<\/title>\n<meta name=\"description\" content=\"The Neuroperforma Corporate Health Program is an innovative approach that brings neurotechnologies to your company to help reduce your salary insurance costs.\" \/>\n<meta name=\"robots\" content=\"noindex, follow, max-snippet:-1, max-image-preview:large, max-video-preview:-1\" \/>\n<meta property=\"og:locale\" content=\"en_US\" \/>\n<meta property=\"og:type\" content=\"article\" \/>\n<meta property=\"og:title\" content=\"Neurotechnologies to Reduce Your Absenteeism Costs\" \/>\n<meta property=\"og:description\" content=\"The Neuroperforma Corporate Health Program is an innovative approach that brings neurotechnologies to your company to help reduce your salary insurance costs.\" \/>\n<meta property=\"og:url\" content=\"http:\/\/neurop.pixel-united.com\/en\/neurotechnologies-to-reduce-your-absenteeism-costs\/\" \/>\n<meta property=\"og:site_name\" content=\"Neuroperforma - Neurofeedback Clinics\" \/>\n<meta property=\"article:publisher\" content=\"https:\/\/www.facebook.com\/neuroperforma\" \/>\n<meta property=\"article:modified_time\" content=\"2025-05-07T15:16:14+00:00\" \/>\n<meta name=\"twitter:card\" content=\"summary_large_image\" \/>\n<meta name=\"twitter:label1\" content=\"Est. reading time\" \/>\n\t<meta name=\"twitter:data1\" content=\"4 minutes\" \/>\n<script type=\"application\/ld+json\" class=\"yoast-schema-graph\">{\"@context\":\"https:\/\/schema.org\",\"@graph\":[{\"@type\":\"WebPage\",\"@id\":\"http:\/\/neurop.pixel-united.com\/en\/neurotechnologies-to-reduce-your-absenteeism-costs\/\",\"url\":\"http:\/\/neurop.pixel-united.com\/en\/neurotechnologies-to-reduce-your-absenteeism-costs\/\",\"name\":\"Neurotechnologies to Reduce Your Absenteeism Costs - Neuroperforma\",\"isPartOf\":{\"@id\":\"https:\/\/neurop.pixel-united.com\/#website\"},\"datePublished\":\"2024-01-10T18:13:12+00:00\",\"dateModified\":\"2025-05-07T15:16:14+00:00\",\"description\":\"The Neuroperforma Corporate Health Program is an innovative approach that brings neurotechnologies to your company to help reduce your salary insurance costs.\",\"breadcrumb\":{\"@id\":\"http:\/\/neurop.pixel-united.com\/en\/neurotechnologies-to-reduce-your-absenteeism-costs\/#breadcrumb\"},\"inLanguage\":\"en-US\",\"potentialAction\":[{\"@type\":\"ReadAction\",\"target\":[\"http:\/\/neurop.pixel-united.com\/en\/neurotechnologies-to-reduce-your-absenteeism-costs\/\"]}]},{\"@type\":\"BreadcrumbList\",\"@id\":\"http:\/\/neurop.pixel-united.com\/en\/neurotechnologies-to-reduce-your-absenteeism-costs\/#breadcrumb\",\"itemListElement\":[{\"@type\":\"ListItem\",\"position\":1,\"name\":\"Home\",\"item\":\"https:\/\/neurop.pixel-united.com\/en\/\"},{\"@type\":\"ListItem\",\"position\":2,\"name\":\"Neurotechnologies to Reduce Your Absenteeism Costs\"}]},{\"@type\":\"WebSite\",\"@id\":\"https:\/\/neurop.pixel-united.com\/#website\",\"url\":\"https:\/\/neurop.pixel-united.com\/\",\"name\":\"Neuroperforma - Clinique sp\u00e9cialis\u00e9e en Neurofeedback\",\"description\":\"\",\"publisher\":{\"@id\":\"https:\/\/neurop.pixel-united.com\/#organization\"},\"potentialAction\":[{\"@type\":\"SearchAction\",\"target\":{\"@type\":\"EntryPoint\",\"urlTemplate\":\"https:\/\/neurop.pixel-united.com\/?s={search_term_string}\"},\"query-input\":{\"@type\":\"PropertyValueSpecification\",\"valueRequired\":true,\"valueName\":\"search_term_string\"}}],\"inLanguage\":\"en-US\"},{\"@type\":\"Organization\",\"@id\":\"https:\/\/neurop.pixel-united.com\/#organization\",\"name\":\"Neuroperforma - Neurofeedback Clinic\",\"url\":\"https:\/\/neurop.pixel-united.com\/\",\"logo\":{\"@type\":\"ImageObject\",\"inLanguage\":\"en-US\",\"@id\":\"https:\/\/neurop.pixel-united.com\/#\/schema\/logo\/image\/\",\"url\":\"http:\/\/neurop.pixel-united.com\/wp-content\/uploads\/2019\/06\/neuroperforma-clinique.png\",\"contentUrl\":\"http:\/\/neurop.pixel-united.com\/wp-content\/uploads\/2019\/06\/neuroperforma-clinique.png\",\"width\":400,\"height\":64,\"caption\":\"Neuroperforma - Neurofeedback Clinic\"},\"image\":{\"@id\":\"https:\/\/neurop.pixel-united.com\/#\/schema\/logo\/image\/\"},\"sameAs\":[\"https:\/\/www.facebook.com\/neuroperforma\",\"https:\/\/www.instagram.com\/neuroperforma\/\",\"https:\/\/www.linkedin.com\/in\/rocktherrien\/\",\"http:\/\/www.youtube.com\/user\/Neuroperforma\/\"]}]}<\/script>\n<!-- \/ Yoast SEO Premium plugin. -->","yoast_head_json":{"title":"Neurotechnologies to Reduce Your Absenteeism Costs - Neuroperforma","description":"The Neuroperforma Corporate Health Program is an innovative approach that brings neurotechnologies to your company to help reduce your salary insurance costs.","robots":{"index":"noindex","follow":"follow","max-snippet":"max-snippet:-1","max-image-preview":"max-image-preview:large","max-video-preview":"max-video-preview:-1"},"og_locale":"en_US","og_type":"article","og_title":"Neurotechnologies to Reduce Your Absenteeism Costs","og_description":"The Neuroperforma Corporate Health Program is an innovative approach that brings neurotechnologies to your company to help reduce your salary insurance costs.","og_url":"http:\/\/neurop.pixel-united.com\/en\/neurotechnologies-to-reduce-your-absenteeism-costs\/","og_site_name":"Neuroperforma - Neurofeedback Clinics","article_publisher":"https:\/\/www.facebook.com\/neuroperforma","article_modified_time":"2025-05-07T15:16:14+00:00","twitter_card":"summary_large_image","twitter_misc":{"Est. reading time":"4 minutes"},"schema":{"@context":"https:\/\/schema.org","@graph":[{"@type":"WebPage","@id":"http:\/\/neurop.pixel-united.com\/en\/neurotechnologies-to-reduce-your-absenteeism-costs\/","url":"http:\/\/neurop.pixel-united.com\/en\/neurotechnologies-to-reduce-your-absenteeism-costs\/","name":"Neurotechnologies to Reduce Your Absenteeism Costs - Neuroperforma","isPartOf":{"@id":"https:\/\/neurop.pixel-united.com\/#website"},"datePublished":"2024-01-10T18:13:12+00:00","dateModified":"2025-05-07T15:16:14+00:00","description":"The Neuroperforma Corporate Health Program is an innovative approach that brings neurotechnologies to your company to help reduce your salary insurance costs.","breadcrumb":{"@id":"http:\/\/neurop.pixel-united.com\/en\/neurotechnologies-to-reduce-your-absenteeism-costs\/#breadcrumb"},"inLanguage":"en-US","potentialAction":[{"@type":"ReadAction","target":["http:\/\/neurop.pixel-united.com\/en\/neurotechnologies-to-reduce-your-absenteeism-costs\/"]}]},{"@type":"BreadcrumbList","@id":"http:\/\/neurop.pixel-united.com\/en\/neurotechnologies-to-reduce-your-absenteeism-costs\/#breadcrumb","itemListElement":[{"@type":"ListItem","position":1,"name":"Home","item":"https:\/\/neurop.pixel-united.com\/en\/"},{"@type":"ListItem","position":2,"name":"Neurotechnologies to Reduce Your Absenteeism Costs"}]},{"@type":"WebSite","@id":"https:\/\/neurop.pixel-united.com\/#website","url":"https:\/\/neurop.pixel-united.com\/","name":"Neuroperforma - Clinique sp\u00e9cialis\u00e9e en Neurofeedback","description":"","publisher":{"@id":"https:\/\/neurop.pixel-united.com\/#organization"},"potentialAction":[{"@type":"SearchAction","target":{"@type":"EntryPoint","urlTemplate":"https:\/\/neurop.pixel-united.com\/?s={search_term_string}"},"query-input":{"@type":"PropertyValueSpecification","valueRequired":true,"valueName":"search_term_string"}}],"inLanguage":"en-US"},{"@type":"Organization","@id":"https:\/\/neurop.pixel-united.com\/#organization","name":"Neuroperforma - Neurofeedback Clinic","url":"https:\/\/neurop.pixel-united.com\/","logo":{"@type":"ImageObject","inLanguage":"en-US","@id":"https:\/\/neurop.pixel-united.com\/#\/schema\/logo\/image\/","url":"http:\/\/neurop.pixel-united.com\/wp-content\/uploads\/2019\/06\/neuroperforma-clinique.png","contentUrl":"http:\/\/neurop.pixel-united.com\/wp-content\/uploads\/2019\/06\/neuroperforma-clinique.png","width":400,"height":64,"caption":"Neuroperforma - Neurofeedback Clinic"},"image":{"@id":"https:\/\/neurop.pixel-united.com\/#\/schema\/logo\/image\/"},"sameAs":["https:\/\/www.facebook.com\/neuroperforma","https:\/\/www.instagram.com\/neuroperforma\/","https:\/\/www.linkedin.com\/in\/rocktherrien\/","http:\/\/www.youtube.com\/user\/Neuroperforma\/"]}]}},"_links":{"self":[{"href":"https:\/\/neurop.pixel-united.com\/en\/wp-json\/wp\/v2\/pages\/36032","targetHints":{"allow":["GET"]}}],"collection":[{"href":"https:\/\/neurop.pixel-united.com\/en\/wp-json\/wp\/v2\/pages"}],"about":[{"href":"https:\/\/neurop.pixel-united.com\/en\/wp-json\/wp\/v2\/types\/page"}],"author":[{"embeddable":true,"href":"https:\/\/neurop.pixel-united.com\/en\/wp-json\/wp\/v2\/users\/2"}],"replies":[{"embeddable":true,"href":"https:\/\/neurop.pixel-united.com\/en\/wp-json\/wp\/v2\/comments?post=36032"}],"version-history":[{"count":8,"href":"https:\/\/neurop.pixel-united.com\/en\/wp-json\/wp\/v2\/pages\/36032\/revisions"}],"predecessor-version":[{"id":36891,"href":"https:\/\/neurop.pixel-united.com\/en\/wp-json\/wp\/v2\/pages\/36032\/revisions\/36891"}],"wp:attachment":[{"href":"https:\/\/neurop.pixel-united.com\/en\/wp-json\/wp\/v2\/media?parent=36032"}],"curies":[{"name":"wp","href":"https:\/\/api.w.org\/{rel}","templated":true}]}}